{"id":9435,"date":"2024-08-06T10:56:04","date_gmt":"2024-08-06T10:56:04","guid":{"rendered":"https:\/\/avanscript.com\/projects\/"},"modified":"2025-05-07T09:47:24","modified_gmt":"2025-05-07T09:47:24","slug":"projects","status":"publish","type":"page","link":"https:\/\/avanscript.com\/en\/projects\/","title":{"rendered":"Projects"},"content":{"rendered":"\t\t<div data-elementor-type=\"wp-page\" data-elementor-id=\"9435\" class=\"elementor elementor-9435 elementor-8253\" data-elementor-post-type=\"page\">\n\t\t\t\t<div class=\"elementor-element elementor-element-477823a e-flex e-con-boxed e-con e-parent\" data-id=\"477823a\" data-element_type=\"container\" data-e-type=\"container\" data-settings=\"{&quot;background_background&quot;:&quot;classic&quot;,&quot;shape_divider_bottom&quot;:&quot;curve&quot;,&quot;shape_divider_bottom_negative&quot;:&quot;yes&quot;}\">\n\t\t\t\t\t<div class=\"e-con-inner\">\n\t\t\t\t<div class=\"elementor-shape elementor-shape-bottom\" aria-hidden=\"true\" data-negative=\"true\">\n\t\t\t<svg xmlns=\"http:\/\/www.w3.org\/2000\/svg\" viewBox=\"0 0 1000 100\" preserveAspectRatio=\"none\">\n\t<path class=\"elementor-shape-fill\" d=\"M500,97C126.7,96.3,0.8,19.8,0,0v100l1000,0V1C1000,19.4,873.3,97.8,500,97z\"\/>\n<\/svg>\t\t<\/div>\n\t\t<div class=\"elementor-element elementor-element-ca3bfcd e-con-full e-flex e-con e-child\" data-id=\"ca3bfcd\" data-element_type=\"container\" data-e-type=\"container\">\n\t\t\t\t<\/div>\n\t\t\t\t\t<\/div>\n\t\t\t\t<\/div>\n\t\t<div class=\"elementor-element elementor-element-ff9b28b e-flex e-con-boxed e-con e-parent\" data-id=\"ff9b28b\" data-element_type=\"container\" data-e-type=\"container\">\n\t\t\t\t\t<div class=\"e-con-inner\">\n\t\t<div class=\"elementor-element elementor-element-0e4c131 e-con-full e-flex e-con e-child\" data-id=\"0e4c131\" data-element_type=\"container\" data-e-type=\"container\">\n\t\t\t\t<div class=\"elementor-element elementor-element-d514b04 elementor-widget elementor-widget-heading\" data-id=\"d514b04\" data-element_type=\"widget\" data-e-type=\"widget\" data-settings=\"{&quot;_animation&quot;:&quot;none&quot;}\" data-widget_type=\"heading.default\">\n\t\t\t\t<div class=\"elementor-widget-container\">\n\t\t\t\t\t<h2 class=\"elementor-heading-title elementor-size-default\">Projects<\/h2>\t\t\t\t<\/div>\n\t\t\t\t<\/div>\n\t\t\t\t<div class=\"elementor-element elementor-element-91c7c69 elementor-widget-tablet__width-initial elementor-widget elementor-widget-heading\" data-id=\"91c7c69\" data-element_type=\"widget\" data-e-type=\"widget\" data-widget_type=\"heading.default\">\n\t\t\t\t<div class=\"elementor-widget-container\">\n\t\t\t\t\t<h2 class=\"elementor-heading-title elementor-size-default\">Take a look at our references<\/h2>\t\t\t\t<\/div>\n\t\t\t\t<\/div>\n\t\t\t\t<div class=\"elementor-element elementor-element-e163b34 elementor-widget elementor-widget-text-editor\" data-id=\"e163b34\" data-element_type=\"widget\" data-e-type=\"widget\" data-widget_type=\"text-editor.default\">\n\t\t\t\t<div class=\"elementor-widget-container\">\n\t\t\t\t\t\t\t\t\t<p>We are proud of the results and relationships we have built over the years.<\/p><p>Client satisfaction and success are our top priorities, which is why we approach every project with the same dedication and precision. Below, you can find a brief introduction to some of our key partners and our work. <\/p>\t\t\t\t\t\t\t\t<\/div>\n\t\t\t\t<\/div>\n\t\t\t\t<\/div>\n\t\t<div class=\"elementor-element elementor-element-df09395 e-con-full e-flex e-con e-child\" data-id=\"df09395\" data-element_type=\"container\" data-e-type=\"container\">\n\t\t\t\t<div class=\"elementor-element elementor-element-6e06e4a elementor-widget elementor-widget-image\" data-id=\"6e06e4a\" data-element_type=\"widget\" data-e-type=\"widget\" data-widget_type=\"image.default\">\n\t\t\t\t<div class=\"elementor-widget-container\">\n\t\t\t\t\t\t\t\t\t\t\t\t\t\t\t<img fetchpriority=\"high\" decoding=\"async\" width=\"1080\" height=\"720\" src=\"https:\/\/avanscript.com\/wp-content\/uploads\/2024\/08\/software-engineers-working-on-project-and-programming-in-company.jpg\" class=\"attachment-full size-full wp-image-9355\" alt=\"Szoftverfejleszt\u0151 csapat programoz\u00e1s k\u00f6zben irodai k\u00f6rnyezetben\" srcset=\"https:\/\/avanscript.com\/wp-content\/uploads\/2024\/08\/software-engineers-working-on-project-and-programming-in-company.jpg 1080w, https:\/\/avanscript.com\/wp-content\/uploads\/2024\/08\/software-engineers-working-on-project-and-programming-in-company-300x200.jpg 300w, https:\/\/avanscript.com\/wp-content\/uploads\/2024\/08\/software-engineers-working-on-project-and-programming-in-company-1024x683.jpg 1024w, https:\/\/avanscript.com\/wp-content\/uploads\/2024\/08\/software-engineers-working-on-project-and-programming-in-company-768x512.jpg 768w\" sizes=\"(max-width: 1080px) 100vw, 1080px\" \/>\t\t\t\t\t\t\t\t\t\t\t\t\t\t\t<\/div>\n\t\t\t\t<\/div>\n\t\t\t\t<\/div>\n\t\t\t\t\t<\/div>\n\t\t\t\t<\/div>\n\t\t<div class=\"elementor-element elementor-element-9c4ac45 e-flex e-con-boxed e-con e-parent\" data-id=\"9c4ac45\" data-element_type=\"container\" data-e-type=\"container\">\n\t\t\t\t\t<div class=\"e-con-inner\">\n\t\t<div class=\"elementor-element elementor-element-60470f2 e-con-full e-flex e-con e-child\" data-id=\"60470f2\" data-element_type=\"container\" data-e-type=\"container\">\n\t\t\t\t<div class=\"elementor-element elementor-element-47945b7 elementor-widget elementor-widget-heading\" data-id=\"47945b7\" data-element_type=\"widget\" data-e-type=\"widget\" data-widget_type=\"heading.default\">\n\t\t\t\t<div class=\"elementor-widget-container\">\n\t\t\t\t\t<h2 class=\"elementor-heading-title elementor-size-default\">References<\/h2>\t\t\t\t<\/div>\n\t\t\t\t<\/div>\n\t\t\t\t<div class=\"elementor-element elementor-element-4d68ded elementor-widget elementor-widget-elementskit-heading\" data-id=\"4d68ded\" data-element_type=\"widget\" data-e-type=\"widget\" data-widget_type=\"elementskit-heading.default\">\n\t\t\t\t<div class=\"elementor-widget-container\">\n\t\t\t\t\t<div class=\"ekit-wid-con\" ><div class=\"ekit-heading elementskit-section-title-wraper text_center   ekit_heading_tablet-   ekit_heading_mobile-\"><h2 class=\"ekit-heading--title elementskit-section-title \">Our latest projects<\/h2><div class=\"ekit_heading_separetor_wraper ekit_heading_elementskit-border-divider elementskit-style-long\"><div class=\"elementskit-border-divider elementskit-style-long\"><\/div><\/div><\/div><\/div>\t\t\t\t<\/div>\n\t\t\t\t<\/div>\n\t\t\t\t<div class=\"elementor-element elementor-element-d9d8839 elementor-grid-3 elementor-grid-tablet-2 elementor-grid-mobile-1 elementor-posts--thumbnail-top elementor-card-shadow-yes elementor-posts__hover-gradient elementor-widget elementor-widget-posts\" data-id=\"d9d8839\" data-element_type=\"widget\" data-e-type=\"widget\" data-settings=\"{&quot;cards_columns&quot;:&quot;3&quot;,&quot;cards_columns_tablet&quot;:&quot;2&quot;,&quot;cards_columns_mobile&quot;:&quot;1&quot;,&quot;cards_row_gap&quot;:{&quot;unit&quot;:&quot;px&quot;,&quot;size&quot;:35,&quot;sizes&quot;:[]},&quot;cards_row_gap_tablet&quot;:{&quot;unit&quot;:&quot;px&quot;,&quot;size&quot;:&quot;&quot;,&quot;sizes&quot;:[]},&quot;cards_row_gap_mobile&quot;:{&quot;unit&quot;:&quot;px&quot;,&quot;size&quot;:&quot;&quot;,&quot;sizes&quot;:[]}}\" data-widget_type=\"posts.cards\">\n\t\t\t\t<div class=\"elementor-widget-container\">\n\t\t\t\t\t\t\t<div class=\"elementor-posts-container elementor-posts elementor-posts--skin-cards elementor-grid\" role=\"list\">\n\t\t\t\t<article class=\"elementor-post elementor-grid-item post-9477 post type-post status-publish format-standard has-post-thumbnail hentry category-projects category-software-en tag-job-portal tag-job-search-platform tag-laravel-en tag-ui-design-en tag-ux-design-en tag-vue-js-en\" role=\"listitem\">\n\t\t\t<div class=\"elementor-post__card\">\n\t\t\t\t<a class=\"elementor-post__thumbnail__link\" href=\"https:\/\/avanscript.com\/en\/earn-it\/\" tabindex=\"-1\" ><div class=\"elementor-post__thumbnail\"><img decoding=\"async\" width=\"768\" height=\"292\" src=\"https:\/\/avanscript.com\/wp-content\/uploads\/2024\/09\/Avanscript_Blog_earnit-768x292.jpg\" class=\"attachment-medium_large size-medium_large wp-image-9363\" alt=\"\" srcset=\"https:\/\/avanscript.com\/wp-content\/uploads\/2024\/09\/Avanscript_Blog_earnit-768x292.jpg 768w, https:\/\/avanscript.com\/wp-content\/uploads\/2024\/09\/Avanscript_Blog_earnit-300x114.jpg 300w, https:\/\/avanscript.com\/wp-content\/uploads\/2024\/09\/Avanscript_Blog_earnit-1024x390.jpg 1024w, https:\/\/avanscript.com\/wp-content\/uploads\/2024\/09\/Avanscript_Blog_earnit-1536x585.jpg 1536w, https:\/\/avanscript.com\/wp-content\/uploads\/2024\/09\/Avanscript_Blog_earnit.jpg 1550w\" sizes=\"(max-width: 768px) 100vw, 768px\" \/><\/div><\/a>\n\t\t\t\t<div class=\"elementor-post__badge\">Projects<\/div>\n\t\t\t\t<div class=\"elementor-post__text\">\n\t\t\t\t<h3 class=\"elementor-post__title\">\n\t\t\t<a href=\"https:\/\/avanscript.com\/en\/earn-it\/\" >\n\t\t\t\tEarn It\t\t\t<\/a>\n\t\t<\/h3>\n\t\t\t\t<div class=\"elementor-post__excerpt\">\n\t\t\t<p>Earn It is a dynamically evolving, modern platform that is revolutionizing the job search world while offering new opportunities for both employers<\/p>\n\t\t<\/div>\n\t\t\n\t\t<a class=\"elementor-post__read-more\" href=\"https:\/\/avanscript.com\/en\/earn-it\/\" aria-label=\"Read more about Earn It\" tabindex=\"-1\" >\n\t\t\tRead more \u00bb\t\t<\/a>\n\n\t\t\t\t<\/div>\n\t\t\t\t<div class=\"elementor-post__meta-data\">\n\t\t\t\t\t<span class=\"elementor-post-date\">\n\t\t\t2024.09.29.\t\t<\/span>\n\t\t\t\t<\/div>\n\t\t\t\t\t<\/div>\n\t\t<\/article>\n\t\t\t\t<article class=\"elementor-post elementor-grid-item post-9475 post type-post status-publish format-standard has-post-thumbnail hentry category-development-en category-projects category-software-en tag-ui-design-en tag-ux-design-en tag-vue-js-en tag-webshop-en\" role=\"listitem\">\n\t\t\t<div class=\"elementor-post__card\">\n\t\t\t\t<a class=\"elementor-post__thumbnail__link\" href=\"https:\/\/avanscript.com\/en\/steinzeit-design\/\" tabindex=\"-1\" ><div class=\"elementor-post__thumbnail\"><img decoding=\"async\" width=\"768\" height=\"292\" src=\"https:\/\/avanscript.com\/wp-content\/uploads\/2024\/09\/Avanscript_Blog_steinzeit-768x292.jpg\" class=\"attachment-medium_large size-medium_large wp-image-9359\" alt=\"\" srcset=\"https:\/\/avanscript.com\/wp-content\/uploads\/2024\/09\/Avanscript_Blog_steinzeit-768x292.jpg 768w, https:\/\/avanscript.com\/wp-content\/uploads\/2024\/09\/Avanscript_Blog_steinzeit-300x114.jpg 300w, https:\/\/avanscript.com\/wp-content\/uploads\/2024\/09\/Avanscript_Blog_steinzeit.jpg 775w\" sizes=\"(max-width: 768px) 100vw, 768px\" \/><\/div><\/a>\n\t\t\t\t<div class=\"elementor-post__badge\">Development<\/div>\n\t\t\t\t<div class=\"elementor-post__text\">\n\t\t\t\t<h3 class=\"elementor-post__title\">\n\t\t\t<a href=\"https:\/\/avanscript.com\/en\/steinzeit-design\/\" >\n\t\t\t\tSteinzeit Design\t\t\t<\/a>\n\t\t<\/h3>\n\t\t\t\t<div class=\"elementor-post__excerpt\">\n\t\t\t<p>The Steinzeit-Design webshop specializes in the sale of exclusive tiles and artificial rocks, combining quality with style.<\/p>\n\t\t<\/div>\n\t\t\n\t\t<a class=\"elementor-post__read-more\" href=\"https:\/\/avanscript.com\/en\/steinzeit-design\/\" aria-label=\"Read more about Steinzeit Design\" tabindex=\"-1\" >\n\t\t\tRead more \u00bb\t\t<\/a>\n\n\t\t\t\t<\/div>\n\t\t\t\t<div class=\"elementor-post__meta-data\">\n\t\t\t\t\t<span class=\"elementor-post-date\">\n\t\t\t2024.03.07.\t\t<\/span>\n\t\t\t\t<\/div>\n\t\t\t\t\t<\/div>\n\t\t<\/article>\n\t\t\t\t<article class=\"elementor-post elementor-grid-item post-9473 post type-post status-publish format-standard has-post-thumbnail hentry category-artificial-intelligence-ai-en category-projects category-software-en tag-accounting-software tag-artificial-intelligence-ai-en tag-nav-en tag-software-en\" role=\"listitem\">\n\t\t\t<div class=\"elementor-post__card\">\n\t\t\t\t<a class=\"elementor-post__thumbnail__link\" href=\"https:\/\/avanscript.com\/en\/ibookr\/\" tabindex=\"-1\" ><div class=\"elementor-post__thumbnail\"><img loading=\"lazy\" decoding=\"async\" width=\"768\" height=\"292\" src=\"https:\/\/avanscript.com\/wp-content\/uploads\/2024\/09\/Avanscript_Blog_ibookr-768x292.jpg\" class=\"attachment-medium_large size-medium_large wp-image-9361\" alt=\"\" srcset=\"https:\/\/avanscript.com\/wp-content\/uploads\/2024\/09\/Avanscript_Blog_ibookr-768x292.jpg 768w, https:\/\/avanscript.com\/wp-content\/uploads\/2024\/09\/Avanscript_Blog_ibookr-300x114.jpg 300w, https:\/\/avanscript.com\/wp-content\/uploads\/2024\/09\/Avanscript_Blog_ibookr-1024x390.jpg 1024w, https:\/\/avanscript.com\/wp-content\/uploads\/2024\/09\/Avanscript_Blog_ibookr-1536x585.jpg 1536w, https:\/\/avanscript.com\/wp-content\/uploads\/2024\/09\/Avanscript_Blog_ibookr.jpg 1550w\" sizes=\"(max-width: 768px) 100vw, 768px\" \/><\/div><\/a>\n\t\t\t\t<div class=\"elementor-post__badge\">Artificial Intelligence (AI)<\/div>\n\t\t\t\t<div class=\"elementor-post__text\">\n\t\t\t\t<h3 class=\"elementor-post__title\">\n\t\t\t<a href=\"https:\/\/avanscript.com\/en\/ibookr\/\" >\n\t\t\t\tIBOOKR\t\t\t<\/a>\n\t\t<\/h3>\n\t\t\t\t<div class=\"elementor-post__excerpt\">\n\t\t\t<p>Ibookr is an online accounting platform that fully automates accounting processes with the help of AI. <\/p>\n\t\t<\/div>\n\t\t\n\t\t<a class=\"elementor-post__read-more\" href=\"https:\/\/avanscript.com\/en\/ibookr\/\" aria-label=\"Read more about IBOOKR\" tabindex=\"-1\" >\n\t\t\tRead more \u00bb\t\t<\/a>\n\n\t\t\t\t<\/div>\n\t\t\t\t<div class=\"elementor-post__meta-data\">\n\t\t\t\t\t<span class=\"elementor-post-date\">\n\t\t\t2023.09.12.\t\t<\/span>\n\t\t\t\t<\/div>\n\t\t\t\t\t<\/div>\n\t\t<\/article>\n\t\t\t\t<article class=\"elementor-post elementor-grid-item post-9468 post type-post status-publish format-standard has-post-thumbnail hentry category-projects category-software-en tag-backend-development-en tag-frontend-development-en tag-logistics-platform tag-software-en\" role=\"listitem\">\n\t\t\t<div class=\"elementor-post__card\">\n\t\t\t\t<a class=\"elementor-post__thumbnail__link\" href=\"https:\/\/avanscript.com\/en\/futar-hu\/\" tabindex=\"-1\" ><div class=\"elementor-post__thumbnail\"><img loading=\"lazy\" decoding=\"async\" width=\"768\" height=\"292\" src=\"https:\/\/avanscript.com\/wp-content\/uploads\/2024\/09\/Avanscript_Blog_futar-768x292.jpg\" class=\"attachment-medium_large size-medium_large wp-image-9362\" alt=\"\" srcset=\"https:\/\/avanscript.com\/wp-content\/uploads\/2024\/09\/Avanscript_Blog_futar-768x292.jpg 768w, https:\/\/avanscript.com\/wp-content\/uploads\/2024\/09\/Avanscript_Blog_futar-300x114.jpg 300w, https:\/\/avanscript.com\/wp-content\/uploads\/2024\/09\/Avanscript_Blog_futar-1024x390.jpg 1024w, https:\/\/avanscript.com\/wp-content\/uploads\/2024\/09\/Avanscript_Blog_futar-1536x585.jpg 1536w, https:\/\/avanscript.com\/wp-content\/uploads\/2024\/09\/Avanscript_Blog_futar.jpg 1550w\" sizes=\"(max-width: 768px) 100vw, 768px\" \/><\/div><\/a>\n\t\t\t\t<div class=\"elementor-post__badge\">Projects<\/div>\n\t\t\t\t<div class=\"elementor-post__text\">\n\t\t\t\t<h3 class=\"elementor-post__title\">\n\t\t\t<a href=\"https:\/\/avanscript.com\/en\/futar-hu\/\" >\n\t\t\t\tFut\u00e1r.hu\t\t\t<\/a>\n\t\t<\/h3>\n\t\t\t\t<div class=\"elementor-post__excerpt\">\n\t\t\t<p>During the full development of the fut\u00e1r.hu website, we created a modern, user-friendly system that simplifies parcel dispatch and tracking.<\/p>\n\t\t<\/div>\n\t\t\n\t\t<a class=\"elementor-post__read-more\" href=\"https:\/\/avanscript.com\/en\/futar-hu\/\" aria-label=\"Read more about Fut\u00e1r.hu\" tabindex=\"-1\" >\n\t\t\tRead more \u00bb\t\t<\/a>\n\n\t\t\t\t<\/div>\n\t\t\t\t<div class=\"elementor-post__meta-data\">\n\t\t\t\t\t<span class=\"elementor-post-date\">\n\t\t\t2023.03.05.\t\t<\/span>\n\t\t\t\t<\/div>\n\t\t\t\t\t<\/div>\n\t\t<\/article>\n\t\t\t\t<article class=\"elementor-post elementor-grid-item post-9449 post type-post status-publish format-standard has-post-thumbnail hentry category-projects category-software-en tag-backend-development-en tag-frontend-development-en tag-instructor-platform-development\" role=\"listitem\">\n\t\t\t<div class=\"elementor-post__card\">\n\t\t\t\t<a class=\"elementor-post__thumbnail__link\" href=\"https:\/\/avanscript.com\/en\/szechenyi-istvan-university\/\" tabindex=\"-1\" ><div class=\"elementor-post__thumbnail\"><img loading=\"lazy\" decoding=\"async\" width=\"768\" height=\"292\" src=\"https:\/\/avanscript.com\/wp-content\/uploads\/2024\/09\/Avanscript_Blog_sze-768x292.jpg\" class=\"attachment-medium_large size-medium_large wp-image-9364\" alt=\"Sz\u00e9chenyi Egyetem digit\u00e1lis k\u00e9pz\u00e9s \u00e9s IT oktat\u00e1s\" srcset=\"https:\/\/avanscript.com\/wp-content\/uploads\/2024\/09\/Avanscript_Blog_sze-768x292.jpg 768w, https:\/\/avanscript.com\/wp-content\/uploads\/2024\/09\/Avanscript_Blog_sze-300x114.jpg 300w, https:\/\/avanscript.com\/wp-content\/uploads\/2024\/09\/Avanscript_Blog_sze-1024x390.jpg 1024w, https:\/\/avanscript.com\/wp-content\/uploads\/2024\/09\/Avanscript_Blog_sze-1536x585.jpg 1536w, https:\/\/avanscript.com\/wp-content\/uploads\/2024\/09\/Avanscript_Blog_sze.jpg 1550w\" sizes=\"(max-width: 768px) 100vw, 768px\" \/><\/div><\/a>\n\t\t\t\t<div class=\"elementor-post__badge\">Projects<\/div>\n\t\t\t\t<div class=\"elementor-post__text\">\n\t\t\t\t<h3 class=\"elementor-post__title\">\n\t\t\t<a href=\"https:\/\/avanscript.com\/en\/szechenyi-istvan-university\/\" >\n\t\t\t\tSz\u00e9chenyi Istv\u00e1n University\t\t\t<\/a>\n\t\t<\/h3>\n\t\t\t\t<div class=\"elementor-post__excerpt\">\n\t\t\t<p>The new website of Sz\u00e9chenyi Istv\u00e1n University offers a simple and user-friendly platform for students and instructors to quickly review courses and curricula.<\/p>\n\t\t<\/div>\n\t\t\n\t\t<a class=\"elementor-post__read-more\" href=\"https:\/\/avanscript.com\/en\/szechenyi-istvan-university\/\" aria-label=\"Read more about Sz\u00e9chenyi Istv\u00e1n University\" tabindex=\"-1\" >\n\t\t\tRead more \u00bb\t\t<\/a>\n\n\t\t\t\t<\/div>\n\t\t\t\t<div class=\"elementor-post__meta-data\">\n\t\t\t\t\t<span class=\"elementor-post-date\">\n\t\t\t2022.09.17.\t\t<\/span>\n\t\t\t\t<\/div>\n\t\t\t\t\t<\/div>\n\t\t<\/article>\n\t\t\t\t<\/div>\n\t\t\n\t\t\t\t\t\t<\/div>\n\t\t\t\t<\/div>\n\t\t\t\t<\/div>\n\t\t\t\t\t<\/div>\n\t\t\t\t<\/div>\n\t\t<div class=\"elementor-element elementor-element-a37c76f e-flex e-con-boxed e-con e-parent\" data-id=\"a37c76f\" data-element_type=\"container\" data-e-type=\"container\" data-settings=\"{&quot;background_background&quot;:&quot;classic&quot;}\">\n\t\t\t\t\t<div class=\"e-con-inner\">\n\t\t<div class=\"elementor-element elementor-element-04fe2b1 e-con-full e-flex elementor-invisible e-con e-child\" data-id=\"04fe2b1\" data-element_type=\"container\" data-e-type=\"container\" data-settings=\"{&quot;animation&quot;:&quot;bounceIn&quot;}\">\n\t\t\t\t<div class=\"elementor-element elementor-element-6c84b19 elementor-widget elementor-widget-heading\" data-id=\"6c84b19\" data-element_type=\"widget\" data-e-type=\"widget\" data-widget_type=\"heading.default\">\n\t\t\t\t<div class=\"elementor-widget-container\">\n\t\t\t\t\t<h2 class=\"elementor-heading-title elementor-size-default\">Get in touch with us<\/h2>\t\t\t\t<\/div>\n\t\t\t\t<\/div>\n\t\t\t\t<div class=\"elementor-element elementor-element-b2e656a elementor-widget elementor-widget-text-editor\" data-id=\"b2e656a\" data-element_type=\"widget\" data-e-type=\"widget\" data-widget_type=\"text-editor.default\">\n\t\t\t\t<div class=\"elementor-widget-container\">\n\t\t\t\t\t\t\t\t\t<p>Would you like to work with us or learn more about our solutions? Get in touch, and let&#8217;s discuss how we can assist in your business&#8217;s digital growth! <\/p>\t\t\t\t\t\t\t\t<\/div>\n\t\t\t\t<\/div>\n\t\t\t\t<div class=\"elementor-element elementor-element-32e3465 elementor-widget elementor-widget-button\" data-id=\"32e3465\" data-element_type=\"widget\" data-e-type=\"widget\" data-widget_type=\"button.default\">\n\t\t\t\t<div class=\"elementor-widget-container\">\n\t\t\t\t\t\t\t\t\t<div class=\"elementor-button-wrapper\">\n\t\t\t\t\t<a class=\"elementor-button elementor-button-link elementor-size-sm\" href=\"https:\/\/avanscript.com\/en\/contact\/\">\n\t\t\t\t\t\t<span class=\"elementor-button-content-wrapper\">\n\t\t\t\t\t\t\t\t\t<span class=\"elementor-button-text\">Contact<\/span>\n\t\t\t\t\t<\/span>\n\t\t\t\t\t<\/a>\n\t\t\t\t<\/div>\n\t\t\t\t\t\t\t\t<\/div>\n\t\t\t\t<\/div>\n\t\t\t\t<\/div>\n\t\t<div class=\"elementor-element elementor-element-ee1d38d e-con-full e-flex e-con e-child\" data-id=\"ee1d38d\" data-element_type=\"container\" data-e-type=\"container\">\n\t\t\t\t<div class=\"elementor-element elementor-element-320c65d elementor-widget elementor-widget-image\" data-id=\"320c65d\" data-element_type=\"widget\" data-e-type=\"widget\" data-widget_type=\"image.default\">\n\t\t\t\t<div class=\"elementor-widget-container\">\n\t\t\t\t\t\t\t\t\t\t\t\t\t\t\t<img loading=\"lazy\" decoding=\"async\" width=\"1080\" height=\"720\" src=\"https:\/\/avanscript.com\/wp-content\/uploads\/2024\/08\/Ilust_1.png\" class=\"attachment-full size-full wp-image-9358\" alt=\"Chatbot \u00e9s digit\u00e1lis \u00fcgyf\u00e9lkommunik\u00e1ci\u00f3 mobil alkalmaz\u00e1sban\" srcset=\"https:\/\/avanscript.com\/wp-content\/uploads\/2024\/08\/Ilust_1.png 1080w, https:\/\/avanscript.com\/wp-content\/uploads\/2024\/08\/Ilust_1-300x200.png 300w, https:\/\/avanscript.com\/wp-content\/uploads\/2024\/08\/Ilust_1-1024x683.png 1024w, https:\/\/avanscript.com\/wp-content\/uploads\/2024\/08\/Ilust_1-768x512.png 768w\" sizes=\"(max-width: 1080px) 100vw, 1080px\" \/>\t\t\t\t\t\t\t\t\t\t\t\t\t\t\t<\/div>\n\t\t\t\t<\/div>\n\t\t\t\t<\/div>\n\t\t\t\t\t<\/div>\n\t\t\t\t<\/div>\n\t\t\t\t<\/div>\n\t\t","protected":false},"excerpt":{"rendered":"<p>Projects Take a look at our references We are proud of the results and relationships we have built over the years. Client satisfaction and success are our top priorities, which is why we approach every project with the same dedication and precision. Below, you can find a brief introduction to some of our key partners [&hellip;]<\/p>\n","protected":false},"author":1,"featured_media":10009,"parent":0,"menu_order":0,"comment_status":"closed","ping_status":"closed","template":"elementor_header_footer","meta":{"_seopress_robots_primary_cat":"","_seopress_titles_title":"","_seopress_titles_desc":"","_seopress_robots_index":"","footnotes":""},"class_list":["post-9435","page","type-page","status-publish","has-post-thumbnail","hentry"],"_links":{"self":[{"href":"https:\/\/avanscript.com\/en\/wp-json\/wp\/v2\/pages\/9435","targetHints":{"allow":["GET"]}}],"collection":[{"href":"https:\/\/avanscript.com\/en\/wp-json\/wp\/v2\/pages"}],"about":[{"href":"https:\/\/avanscript.com\/en\/wp-json\/wp\/v2\/types\/page"}],"author":[{"embeddable":true,"href":"https:\/\/avanscript.com\/en\/wp-json\/wp\/v2\/users\/1"}],"replies":[{"embeddable":true,"href":"https:\/\/avanscript.com\/en\/wp-json\/wp\/v2\/comments?post=9435"}],"version-history":[{"count":23,"href":"https:\/\/avanscript.com\/en\/wp-json\/wp\/v2\/pages\/9435\/revisions"}],"predecessor-version":[{"id":9523,"href":"https:\/\/avanscript.com\/en\/wp-json\/wp\/v2\/pages\/9435\/revisions\/9523"}],"wp:featuredmedia":[{"embeddable":true,"href":"https:\/\/avanscript.com\/en\/wp-json\/wp\/v2\/media\/10009"}],"wp:attachment":[{"href":"https:\/\/avanscript.com\/en\/wp-json\/wp\/v2\/media?parent=9435"}],"curies":[{"name":"wp","href":"https:\/\/api.w.org\/{rel}","templated":true}]}}