{"id":9441,"date":"2024-10-30T10:11:27","date_gmt":"2024-10-30T10:11:27","guid":{"rendered":"https:\/\/avanscript.com\/blog\/"},"modified":"2025-05-07T09:50:03","modified_gmt":"2025-05-07T09:50:03","slug":"blog","status":"publish","type":"page","link":"https:\/\/avanscript.com\/en\/blog\/","title":{"rendered":"Blog"},"content":{"rendered":"\t\t<div data-elementor-type=\"wp-page\" data-elementor-id=\"9441\" class=\"elementor elementor-9441 elementor-8743\" data-elementor-post-type=\"page\">\n\t\t\t\t<div class=\"elementor-element elementor-element-ff2b17b e-flex e-con-boxed e-con e-parent\" data-id=\"ff2b17b\" data-element_type=\"container\" data-e-type=\"container\" data-settings=\"{&quot;background_background&quot;:&quot;classic&quot;,&quot;shape_divider_bottom&quot;:&quot;curve&quot;,&quot;shape_divider_bottom_negative&quot;:&quot;yes&quot;}\">\n\t\t\t\t\t<div class=\"e-con-inner\">\n\t\t\t\t<div class=\"elementor-shape elementor-shape-bottom\" aria-hidden=\"true\" data-negative=\"true\">\n\t\t\t<svg xmlns=\"http:\/\/www.w3.org\/2000\/svg\" viewBox=\"0 0 1000 100\" preserveAspectRatio=\"none\">\n\t<path class=\"elementor-shape-fill\" d=\"M500,97C126.7,96.3,0.8,19.8,0,0v100l1000,0V1C1000,19.4,873.3,97.8,500,97z\"\/>\n<\/svg>\t\t<\/div>\n\t\t<div class=\"elementor-element elementor-element-dad0e6f e-con-full e-flex e-con e-child\" data-id=\"dad0e6f\" data-element_type=\"container\" data-e-type=\"container\">\n\t\t\t\t<\/div>\n\t\t\t\t\t<\/div>\n\t\t\t\t<\/div>\n\t\t<div class=\"elementor-element elementor-element-af7e1d0 e-flex e-con-boxed e-con e-parent\" data-id=\"af7e1d0\" data-element_type=\"container\" data-e-type=\"container\">\n\t\t\t\t\t<div class=\"e-con-inner\">\n\t\t<div class=\"elementor-element elementor-element-0490989 e-con-full e-flex e-con e-child\" data-id=\"0490989\" data-element_type=\"container\" data-e-type=\"container\">\n\t\t\t\t<div class=\"elementor-element elementor-element-8e253c4 elementor-widget elementor-widget-heading\" data-id=\"8e253c4\" data-element_type=\"widget\" data-e-type=\"widget\" data-widget_type=\"heading.default\">\n\t\t\t\t<div class=\"elementor-widget-container\">\n\t\t\t\t\t<h2 class=\"elementor-heading-title elementor-size-default\">News and insights from the world of websites<\/h2>\t\t\t\t<\/div>\n\t\t\t\t<\/div>\n\t\t\t\t<div class=\"elementor-element elementor-element-d9ea22a elementor-widget elementor-widget-elementskit-heading\" data-id=\"d9ea22a\" data-element_type=\"widget\" data-e-type=\"widget\" data-widget_type=\"elementskit-heading.default\">\n\t\t\t\t<div class=\"elementor-widget-container\">\n\t\t\t\t\t<div class=\"ekit-wid-con\" ><div class=\"ekit-heading elementskit-section-title-wraper text_center   ekit_heading_tablet-   ekit_heading_mobile-\"><h2 class=\"ekit-heading--title elementskit-section-title \">Browse through our posts<\/h2><div class=\"ekit_heading_separetor_wraper ekit_heading_elementskit-border-divider elementskit-style-long\"><div class=\"elementskit-border-divider elementskit-style-long\"><\/div><\/div><\/div><\/div>\t\t\t\t<\/div>\n\t\t\t\t<\/div>\n\t\t\t\t<div class=\"elementor-element elementor-element-eae8917 elementor-grid-3 elementor-grid-tablet-2 elementor-grid-mobile-1 elementor-posts--thumbnail-top elementor-card-shadow-yes elementor-posts__hover-gradient elementor-widget elementor-widget-posts\" data-id=\"eae8917\" data-element_type=\"widget\" data-e-type=\"widget\" data-settings=\"{&quot;cards_columns&quot;:&quot;3&quot;,&quot;cards_columns_tablet&quot;:&quot;2&quot;,&quot;cards_columns_mobile&quot;:&quot;1&quot;,&quot;cards_row_gap&quot;:{&quot;unit&quot;:&quot;px&quot;,&quot;size&quot;:35,&quot;sizes&quot;:[]},&quot;cards_row_gap_tablet&quot;:{&quot;unit&quot;:&quot;px&quot;,&quot;size&quot;:&quot;&quot;,&quot;sizes&quot;:[]},&quot;cards_row_gap_mobile&quot;:{&quot;unit&quot;:&quot;px&quot;,&quot;size&quot;:&quot;&quot;,&quot;sizes&quot;:[]}}\" data-widget_type=\"posts.cards\">\n\t\t\t\t<div class=\"elementor-widget-container\">\n\t\t\t\t\t\t\t<div class=\"elementor-posts-container elementor-posts elementor-posts--skin-cards elementor-grid\" role=\"list\">\n\t\t\t\t<article class=\"elementor-post elementor-grid-item post-9493 post type-post status-publish format-standard has-post-thumbnail hentry category-artificial-intelligence-ai-en category-blog-en category-seo-and-search-engine-optimization tag-artificial-intelligence-ai-en tag-search-engine-optimization\" role=\"listitem\">\n\t\t\t<div class=\"elementor-post__card\">\n\t\t\t\t<a class=\"elementor-post__thumbnail__link\" href=\"https:\/\/avanscript.com\/en\/how-is-ai-transforming-google-search-and-what-does-this-mean-for-seo\/\" tabindex=\"-1\" ><div class=\"elementor-post__thumbnail\"><img fetchpriority=\"high\" decoding=\"async\" width=\"768\" height=\"414\" src=\"https:\/\/avanscript.com\/wp-content\/uploads\/2025\/04\/search-engine-with-ai-to-improve-and-optimize-data-search-ai-enabled-search-engine-and-chat-bar--768x414.jpg\" class=\"attachment-medium_large size-medium_large wp-image-9425\" alt=\"\" srcset=\"https:\/\/avanscript.com\/wp-content\/uploads\/2025\/04\/search-engine-with-ai-to-improve-and-optimize-data-search-ai-enabled-search-engine-and-chat-bar--768x414.jpg 768w, https:\/\/avanscript.com\/wp-content\/uploads\/2025\/04\/search-engine-with-ai-to-improve-and-optimize-data-search-ai-enabled-search-engine-and-chat-bar--300x162.jpg 300w, https:\/\/avanscript.com\/wp-content\/uploads\/2025\/04\/search-engine-with-ai-to-improve-and-optimize-data-search-ai-enabled-search-engine-and-chat-bar--1024x552.jpg 1024w, https:\/\/avanscript.com\/wp-content\/uploads\/2025\/04\/search-engine-with-ai-to-improve-and-optimize-data-search-ai-enabled-search-engine-and-chat-bar--1536x828.jpg 1536w, https:\/\/avanscript.com\/wp-content\/uploads\/2025\/04\/search-engine-with-ai-to-improve-and-optimize-data-search-ai-enabled-search-engine-and-chat-bar-.jpg 2000w\" sizes=\"(max-width: 768px) 100vw, 768px\" \/><\/div><\/a>\n\t\t\t\t<div class=\"elementor-post__text\">\n\t\t\t\t<h3 class=\"elementor-post__title\">\n\t\t\t<a href=\"https:\/\/avanscript.com\/en\/how-is-ai-transforming-google-search-and-what-does-this-mean-for-seo\/\" >\n\t\t\t\tHow is AI transforming Google search and what does this mean for SEO?\t\t\t<\/a>\n\t\t<\/h3>\n\t\t\t\t<div class=\"elementor-post__excerpt\">\n\t\t\t<p>One of the biggest technological revolutions of recent years, AI (artificial intelligence), is taking the Google search experience to a whole new level.<\/p>\n\t\t<\/div>\n\t\t\n\t\t<a class=\"elementor-post__read-more\" href=\"https:\/\/avanscript.com\/en\/how-is-ai-transforming-google-search-and-what-does-this-mean-for-seo\/\" aria-label=\"Read more about How is AI transforming Google search and what does this mean for SEO?\" tabindex=\"-1\" >\n\t\t\tRead more \u00bb\t\t<\/a>\n\n\t\t\t\t<\/div>\n\t\t\t\t<div class=\"elementor-post__meta-data\">\n\t\t\t\t\t<span class=\"elementor-post-date\">\n\t\t\t2025.04.15.\t\t<\/span>\n\t\t\t\t<\/div>\n\t\t\t\t\t<\/div>\n\t\t<\/article>\n\t\t\t\t<article class=\"elementor-post elementor-grid-item post-9491 post type-post status-publish format-standard has-post-thumbnail hentry category-blog-en category-content-marketing category-digital-marketing category-google-ranking category-online-business category-seo-and-search-engine-optimization tag-google-search-console-en tag-search-engine-optimization tag-search-engine-optimization-seo-for-beginners tag-seo-tips tag-seo-tools tag-website-optimization\" role=\"listitem\">\n\t\t\t<div class=\"elementor-post__card\">\n\t\t\t\t<a class=\"elementor-post__thumbnail__link\" href=\"https:\/\/avanscript.com\/en\/frequently-asked-questions-about-search-engine-optimization-seo-what-you-need-to-know-in-2025\/\" tabindex=\"-1\" ><div class=\"elementor-post__thumbnail\"><img decoding=\"async\" width=\"768\" height=\"576\" src=\"https:\/\/avanscript.com\/wp-content\/uploads\/2025\/02\/search-engine-optimization-concept-768x576.jpg\" class=\"attachment-medium_large size-medium_large wp-image-9397\" alt=\"\" srcset=\"https:\/\/avanscript.com\/wp-content\/uploads\/2025\/02\/search-engine-optimization-concept-768x576.jpg 768w, https:\/\/avanscript.com\/wp-content\/uploads\/2025\/02\/search-engine-optimization-concept-300x225.jpg 300w, https:\/\/avanscript.com\/wp-content\/uploads\/2025\/02\/search-engine-optimization-concept-1024x768.jpg 1024w, https:\/\/avanscript.com\/wp-content\/uploads\/2025\/02\/search-engine-optimization-concept-1536x1152.jpg 1536w, https:\/\/avanscript.com\/wp-content\/uploads\/2025\/02\/search-engine-optimization-concept.jpg 2000w\" sizes=\"(max-width: 768px) 100vw, 768px\" \/><\/div><\/a>\n\t\t\t\t<div class=\"elementor-post__text\">\n\t\t\t\t<h3 class=\"elementor-post__title\">\n\t\t\t<a href=\"https:\/\/avanscript.com\/en\/frequently-asked-questions-about-search-engine-optimization-seo-what-you-need-to-know-in-2025\/\" >\n\t\t\t\tFrequently Asked Questions about Search Engine Optimization (SEO) \u2013 What You Need to Know in 2025\t\t\t<\/a>\n\t\t<\/h3>\n\t\t\t\t<div class=\"elementor-post__excerpt\">\n\t\t\t<p>Online presence is essential for the success of businesses today, and at its core is search engine optimization (SEO). Below, we summarize the most common questions our clients ask about SEO. <\/p>\n\t\t<\/div>\n\t\t\n\t\t<a class=\"elementor-post__read-more\" href=\"https:\/\/avanscript.com\/en\/frequently-asked-questions-about-search-engine-optimization-seo-what-you-need-to-know-in-2025\/\" aria-label=\"Read more about Frequently Asked Questions about Search Engine Optimization (SEO) \u2013 What You Need to Know in 2025\" tabindex=\"-1\" >\n\t\t\tRead more \u00bb\t\t<\/a>\n\n\t\t\t\t<\/div>\n\t\t\t\t<div class=\"elementor-post__meta-data\">\n\t\t\t\t\t<span class=\"elementor-post-date\">\n\t\t\t2025.02.05.\t\t<\/span>\n\t\t\t\t<\/div>\n\t\t\t\t\t<\/div>\n\t\t<\/article>\n\t\t\t\t<article class=\"elementor-post elementor-grid-item post-9489 post type-post status-publish format-standard has-post-thumbnail hentry category-blog-en category-business-en category-development-en category-wordpress-en tag-business-website tag-digital-presence tag-free-website-grant-application tag-grant-application tag-neum-en tag-professional-website-development tag-responsive-website tag-search-engine-optimization tag-website-for-businesses\" role=\"listitem\">\n\t\t\t<div class=\"elementor-post__card\">\n\t\t\t\t<a class=\"elementor-post__thumbnail__link\" href=\"https:\/\/avanscript.com\/en\/get-a-free-website-with-the-neum-grant-and-increase-your-revenue\/\" tabindex=\"-1\" ><div class=\"elementor-post__thumbnail\"><img decoding=\"async\" width=\"768\" height=\"525\" src=\"https:\/\/avanscript.com\/wp-content\/uploads\/2025\/01\/stack-of-wooden-cubes-person-s-fingers-go-up-the-steps-business-growth-concept-goal-achievement-768x525.jpg\" class=\"attachment-medium_large size-medium_large wp-image-9393\" alt=\"\" srcset=\"https:\/\/avanscript.com\/wp-content\/uploads\/2025\/01\/stack-of-wooden-cubes-person-s-fingers-go-up-the-steps-business-growth-concept-goal-achievement-768x525.jpg 768w, https:\/\/avanscript.com\/wp-content\/uploads\/2025\/01\/stack-of-wooden-cubes-person-s-fingers-go-up-the-steps-business-growth-concept-goal-achievement-300x205.jpg 300w, https:\/\/avanscript.com\/wp-content\/uploads\/2025\/01\/stack-of-wooden-cubes-person-s-fingers-go-up-the-steps-business-growth-concept-goal-achievement-1024x700.jpg 1024w, https:\/\/avanscript.com\/wp-content\/uploads\/2025\/01\/stack-of-wooden-cubes-person-s-fingers-go-up-the-steps-business-growth-concept-goal-achievement-1536x1051.jpg 1536w, https:\/\/avanscript.com\/wp-content\/uploads\/2025\/01\/stack-of-wooden-cubes-person-s-fingers-go-up-the-steps-business-growth-concept-goal-achievement.jpg 2000w\" sizes=\"(max-width: 768px) 100vw, 768px\" \/><\/div><\/a>\n\t\t\t\t<div class=\"elementor-post__text\">\n\t\t\t\t<h3 class=\"elementor-post__title\">\n\t\t\t<a href=\"https:\/\/avanscript.com\/en\/get-a-free-website-with-the-neum-grant-and-increase-your-revenue\/\" >\n\t\t\t\tGet a free website with the NEUM grant and increase your revenue!\t\t\t<\/a>\n\t\t<\/h3>\n\t\t\t\t<div class=\"elementor-post__excerpt\">\n\t\t\t<p>The key to a successful<\/p>\n\t\t<\/div>\n\t\t\n\t\t<a class=\"elementor-post__read-more\" href=\"https:\/\/avanscript.com\/en\/get-a-free-website-with-the-neum-grant-and-increase-your-revenue\/\" aria-label=\"Read more about Get a free website with the NEUM grant and increase your revenue!\" tabindex=\"-1\" >\n\t\t\tRead more \u00bb\t\t<\/a>\n\n\t\t\t\t<\/div>\n\t\t\t\t<div class=\"elementor-post__meta-data\">\n\t\t\t\t\t<span class=\"elementor-post-date\">\n\t\t\t2025.01.29.\t\t<\/span>\n\t\t\t\t<\/div>\n\t\t\t\t\t<\/div>\n\t\t<\/article>\n\t\t\t\t<article class=\"elementor-post elementor-grid-item post-9484 post type-post status-publish format-standard has-post-thumbnail hentry category-blog-en tag-digital-product-design tag-product-design-en tag-ui-design-en tag-ux-design-en\" role=\"listitem\">\n\t\t\t<div class=\"elementor-post__card\">\n\t\t\t\t<a class=\"elementor-post__thumbnail__link\" href=\"https:\/\/avanscript.com\/en\/what-does-digital-product-design-offer-a-business-the-secret-to-profitable-products\/\" tabindex=\"-1\" ><div class=\"elementor-post__thumbnail\"><img loading=\"lazy\" decoding=\"async\" width=\"768\" height=\"512\" src=\"https:\/\/avanscript.com\/wp-content\/uploads\/2024\/09\/ux-ui-and-programming-development-technology-768x512.jpg\" class=\"attachment-medium_large size-medium_large wp-image-9380\" alt=\"\" srcset=\"https:\/\/avanscript.com\/wp-content\/uploads\/2024\/09\/ux-ui-and-programming-development-technology-768x512.jpg 768w, https:\/\/avanscript.com\/wp-content\/uploads\/2024\/09\/ux-ui-and-programming-development-technology-300x200.jpg 300w, https:\/\/avanscript.com\/wp-content\/uploads\/2024\/09\/ux-ui-and-programming-development-technology-1024x682.jpg 1024w, https:\/\/avanscript.com\/wp-content\/uploads\/2024\/09\/ux-ui-and-programming-development-technology-1536x1024.jpg 1536w, https:\/\/avanscript.com\/wp-content\/uploads\/2024\/09\/ux-ui-and-programming-development-technology.jpg 2000w\" sizes=\"(max-width: 768px) 100vw, 768px\" \/><\/div><\/a>\n\t\t\t\t<div class=\"elementor-post__text\">\n\t\t\t\t<h3 class=\"elementor-post__title\">\n\t\t\t<a href=\"https:\/\/avanscript.com\/en\/what-does-digital-product-design-offer-a-business-the-secret-to-profitable-products\/\" >\n\t\t\t\tWhat does digital product design offer a business? The secret to profitable products.\t\t\t<\/a>\n\t\t<\/h3>\n\t\t\t\t<div class=\"elementor-post__excerpt\">\n\t\t\t<p>Discover how digital product design can help your business! Well-designed products are not only aesthetically pleasing but also enhance user satisfaction. <\/p>\n\t\t<\/div>\n\t\t\n\t\t<a class=\"elementor-post__read-more\" href=\"https:\/\/avanscript.com\/en\/what-does-digital-product-design-offer-a-business-the-secret-to-profitable-products\/\" aria-label=\"Read more about What does digital product design offer a business? The secret to profitable products.\" tabindex=\"-1\" >\n\t\t\tRead more \u00bb\t\t<\/a>\n\n\t\t\t\t<\/div>\n\t\t\t\t<div class=\"elementor-post__meta-data\">\n\t\t\t\t\t<span class=\"elementor-post-date\">\n\t\t\t2024.11.18.\t\t<\/span>\n\t\t\t\t<\/div>\n\t\t\t\t\t<\/div>\n\t\t<\/article>\n\t\t\t\t<article class=\"elementor-post elementor-grid-item post-9479 post type-post status-publish format-standard has-post-thumbnail hentry category-blog-en tag-ui-design-en tag-ux-design-en tag-website-renewal tag-website-update\" role=\"listitem\">\n\t\t\t<div class=\"elementor-post__card\">\n\t\t\t\t<a class=\"elementor-post__thumbnail__link\" href=\"https:\/\/avanscript.com\/en\/why-is-it-important-to-regularly-update-websites\/\" tabindex=\"-1\" ><div class=\"elementor-post__thumbnail\"><img loading=\"lazy\" decoding=\"async\" width=\"768\" height=\"513\" src=\"https:\/\/avanscript.com\/wp-content\/uploads\/2024\/10\/website-development-768x513.jpg\" class=\"attachment-medium_large size-medium_large wp-image-9386\" alt=\"weboldal \u00fajratervez\u00e9s \u00e9s UX UI fejleszt\u00e9s laptopon\" srcset=\"https:\/\/avanscript.com\/wp-content\/uploads\/2024\/10\/website-development-768x513.jpg 768w, https:\/\/avanscript.com\/wp-content\/uploads\/2024\/10\/website-development-300x200.jpg 300w, https:\/\/avanscript.com\/wp-content\/uploads\/2024\/10\/website-development-1024x684.jpg 1024w, https:\/\/avanscript.com\/wp-content\/uploads\/2024\/10\/website-development-1536x1025.jpg 1536w, https:\/\/avanscript.com\/wp-content\/uploads\/2024\/10\/website-development.jpg 2000w\" sizes=\"(max-width: 768px) 100vw, 768px\" \/><\/div><\/a>\n\t\t\t\t<div class=\"elementor-post__text\">\n\t\t\t\t<h3 class=\"elementor-post__title\">\n\t\t\t<a href=\"https:\/\/avanscript.com\/en\/why-is-it-important-to-regularly-update-websites\/\" >\n\t\t\t\tWhy is it important to regularly update websites?\t\t\t<\/a>\n\t\t<\/h3>\n\t\t\t\t<div class=\"elementor-post__excerpt\">\n\t\t\t<p>An outdated website harms the experience. Modern design and up-to-date technology help increase sales. Request a quote for a website update!  <\/p>\n\t\t<\/div>\n\t\t\n\t\t<a class=\"elementor-post__read-more\" href=\"https:\/\/avanscript.com\/en\/why-is-it-important-to-regularly-update-websites\/\" aria-label=\"Read more about Why is it important to regularly update websites?\" tabindex=\"-1\" >\n\t\t\tRead more \u00bb\t\t<\/a>\n\n\t\t\t\t<\/div>\n\t\t\t\t<div class=\"elementor-post__meta-data\">\n\t\t\t\t\t<span class=\"elementor-post-date\">\n\t\t\t2024.10.30.\t\t<\/span>\n\t\t\t\t<\/div>\n\t\t\t\t\t<\/div>\n\t\t<\/article>\n\t\t\t\t<\/div>\n\t\t\n\t\t\t\t\t\t<\/div>\n\t\t\t\t<\/div>\n\t\t\t\t<\/div>\n\t\t\t\t\t<\/div>\n\t\t\t\t<\/div>\n\t\t\t\t<\/div>\n\t\t","protected":false},"excerpt":{"rendered":"<p>News and insights from the world of websites Browse through our posts<\/p>\n","protected":false},"author":1,"featured_media":9388,"parent":0,"menu_order":0,"comment_status":"closed","ping_status":"closed","template":"elementor_header_footer","meta":{"_seopress_robots_primary_cat":"","_seopress_titles_title":"","_seopress_titles_desc":"In our blog, you'll find interesting news, technological developments, and coding tips! Learn more about user experience and modern web trends.","_seopress_robots_index":"","footnotes":""},"class_list":["post-9441","page","type-page","status-publish","has-post-thumbnail","hentry"],"_links":{"self":[{"href":"https:\/\/avanscript.com\/en\/wp-json\/wp\/v2\/pages\/9441","targetHints":{"allow":["GET"]}}],"collection":[{"href":"https:\/\/avanscript.com\/en\/wp-json\/wp\/v2\/pages"}],"about":[{"href":"https:\/\/avanscript.com\/en\/wp-json\/wp\/v2\/types\/page"}],"author":[{"embeddable":true,"href":"https:\/\/avanscript.com\/en\/wp-json\/wp\/v2\/users\/1"}],"replies":[{"embeddable":true,"href":"https:\/\/avanscript.com\/en\/wp-json\/wp\/v2\/comments?post=9441"}],"version-history":[{"count":5,"href":"https:\/\/avanscript.com\/en\/wp-json\/wp\/v2\/pages\/9441\/revisions"}],"predecessor-version":[{"id":9528,"href":"https:\/\/avanscript.com\/en\/wp-json\/wp\/v2\/pages\/9441\/revisions\/9528"}],"wp:featuredmedia":[{"embeddable":true,"href":"https:\/\/avanscript.com\/en\/wp-json\/wp\/v2\/media\/9388"}],"wp:attachment":[{"href":"https:\/\/avanscript.com\/en\/wp-json\/wp\/v2\/media?parent=9441"}],"curies":[{"name":"wp","href":"https:\/\/api.w.org\/{rel}","templated":true}]}}