{"id":9447,"date":"2025-04-22T11:06:15","date_gmt":"2025-04-22T11:06:15","guid":{"rendered":"https:\/\/avanscript.com\/imprint\/"},"modified":"2025-05-06T14:34:01","modified_gmt":"2025-05-06T14:34:01","slug":"imprint","status":"publish","type":"page","link":"https:\/\/avanscript.com\/en\/imprint\/","title":{"rendered":"Imprint"},"content":{"rendered":"\t\t<div data-elementor-type=\"wp-page\" data-elementor-id=\"9447\" class=\"elementor elementor-9447 elementor-9037\" data-elementor-post-type=\"page\">\n\t\t\t\t<div class=\"elementor-element elementor-element-deb9269 e-flex e-con-boxed e-con e-parent\" data-id=\"deb9269\" data-element_type=\"container\" data-e-type=\"container\" data-settings=\"{&quot;background_background&quot;:&quot;classic&quot;,&quot;shape_divider_bottom&quot;:&quot;curve&quot;,&quot;shape_divider_bottom_negative&quot;:&quot;yes&quot;}\">\n\t\t\t\t\t<div class=\"e-con-inner\">\n\t\t\t\t<div class=\"elementor-shape elementor-shape-bottom\" aria-hidden=\"true\" data-negative=\"true\">\n\t\t\t<svg xmlns=\"http:\/\/www.w3.org\/2000\/svg\" viewBox=\"0 0 1000 100\" preserveAspectRatio=\"none\">\n\t<path class=\"elementor-shape-fill\" d=\"M500,97C126.7,96.3,0.8,19.8,0,0v100l1000,0V1C1000,19.4,873.3,97.8,500,97z\"\/>\n<\/svg>\t\t<\/div>\n\t\t<div class=\"elementor-element elementor-element-9b1a820 e-con-full e-flex e-con e-child\" data-id=\"9b1a820\" data-element_type=\"container\" data-e-type=\"container\">\n\t\t\t\t<div class=\"elementor-element elementor-element-7a2a287 elementor-invisible elementor-widget elementor-widget-heading\" data-id=\"7a2a287\" data-element_type=\"widget\" data-e-type=\"widget\" data-settings=\"{&quot;_animation&quot;:&quot;fadeInUp&quot;}\" data-widget_type=\"heading.default\">\n\t\t\t\t<div class=\"elementor-widget-container\">\n\t\t\t\t\t<h1 class=\"elementor-heading-title elementor-size-default\">Imprint<\/h1>\t\t\t\t<\/div>\n\t\t\t\t<\/div>\n\t\t\t\t<\/div>\n\t\t\t\t\t<\/div>\n\t\t\t\t<\/div>\n\t\t<div class=\"elementor-element elementor-element-9c00934 e-flex e-con-boxed e-con e-parent\" data-id=\"9c00934\" data-element_type=\"container\" data-e-type=\"container\">\n\t\t\t\t\t<div class=\"e-con-inner\">\n\t\t\t\t<div class=\"elementor-element elementor-element-573a191 elementor-widget elementor-widget-text-editor\" data-id=\"573a191\" data-element_type=\"widget\" data-e-type=\"widget\" data-widget_type=\"text-editor.default\">\n\t\t\t\t<div class=\"elementor-widget-container\">\n\t\t\t\t\t\t\t\t\t<h5><strong>Provider information<\/strong><\/h5><p>Name: Avanscript Limited Liability Company<br>Registered office: 9022 Gy\u0151r, Czuczor Gergely Street 13, Building A.  5. fl. 1. door<br>Mailing address: 9022 Gy\u0151r, Czuczor Gergely Street 13, Building A.  5. fl. 1. Court of registration: Gy\u0151r Court of Registration<br>Company registration number: 08-09-035764<br>Tax number: 32263677-2-08<br>CEO: Norbert Farkas<br>Email: <a href=\"mailto:hello@avanscript.com\">hello@avanscript.com<br><\/a>Website: <a href=\"https:\/\/avanscript.com\/en\/\">https:\/\/avanscript.com<\/a><\/p><h5><strong>Hosting provider information<\/strong><\/h5><p>Name: DotRoll Ltd.<br>Registered office: 1148 Budapest, Fogarasi Street 3-5.<br>Contact: <a href=\"mailto:support@dotroll.com\" target=\"_blank\" rel=\"noopener\">support@dotroll.com<br><\/a>Website: <a href=\"https:\/\/dotroll.com\" target=\"_blank\" rel=\"noopener\">https:\/\/dotroll.com<\/a><\/p>\t\t\t\t\t\t\t\t<\/div>\n\t\t\t\t<\/div>\n\t\t\t\t\t<\/div>\n\t\t\t\t<\/div>\n\t\t\t\t<\/div>\n\t\t","protected":false},"excerpt":{"rendered":"<p>Imprint Provider information Name: Avanscript Limited Liability CompanyRegistered office: 9022 Gy\u0151r, Czuczor Gergely Street 13, Building A. 5. fl. 1. doorMailing address: 9022 Gy\u0151r, Czuczor Gergely Street 13, Building A. 5. fl. 1. Court of registration: Gy\u0151r Court of RegistrationCompany registration number: 08-09-035764Tax number: 32263677-2-08CEO: Norbert FarkasEmail: hello@avanscript.comWebsite: https:\/\/avanscript.com Hosting provider information Name: DotRoll Ltd.Registered [&hellip;]<\/p>\n","protected":false},"author":1,"featured_media":0,"parent":0,"menu_order":0,"comment_status":"closed","ping_status":"closed","template":"elementor_header_footer","meta":{"_seopress_robots_primary_cat":"","_seopress_titles_title":"","_seopress_titles_desc":"","_seopress_robots_index":"","footnotes":""},"class_list":["post-9447","page","type-page","status-publish","hentry"],"_links":{"self":[{"href":"https:\/\/avanscript.com\/en\/wp-json\/wp\/v2\/pages\/9447","targetHints":{"allow":["GET"]}}],"collection":[{"href":"https:\/\/avanscript.com\/en\/wp-json\/wp\/v2\/pages"}],"about":[{"href":"https:\/\/avanscript.com\/en\/wp-json\/wp\/v2\/types\/page"}],"author":[{"embeddable":true,"href":"https:\/\/avanscript.com\/en\/wp-json\/wp\/v2\/users\/1"}],"replies":[{"embeddable":true,"href":"https:\/\/avanscript.com\/en\/wp-json\/wp\/v2\/comments?post=9447"}],"version-history":[{"count":1,"href":"https:\/\/avanscript.com\/en\/wp-json\/wp\/v2\/pages\/9447\/revisions"}],"predecessor-version":[{"id":9448,"href":"https:\/\/avanscript.com\/en\/wp-json\/wp\/v2\/pages\/9447\/revisions\/9448"}],"wp:attachment":[{"href":"https:\/\/avanscript.com\/en\/wp-json\/wp\/v2\/media?parent=9447"}],"curies":[{"name":"wp","href":"https:\/\/api.w.org\/{rel}","templated":true}]}}